{"id":3768,"date":"2022-09-28T13:27:14","date_gmt":"2022-09-28T13:27:14","guid":{"rendered":"https:\/\/grosse-isle.com\/about-us\/"},"modified":"2024-11-20T19:50:25","modified_gmt":"2024-11-20T19:50:25","slug":"la-formation","status":"publish","type":"page","link":"https:\/\/grosse-isle.com\/fr\/la-formation\/","title":{"rendered":"La Formation"},"content":{"rendered":"\t\t<div data-elementor-type=\"wp-page\" data-elementor-id=\"3768\" class=\"elementor elementor-3768 elementor-3237\">\n\t\t\t\t\t\t\t\t\t<section class=\"wolf-core-elementor-row wolf-core-font-  elementor-section elementor-top-section elementor-element elementor-element-46ceee6 elementor-section-boxed elementor-section-height-default elementor-section-height-default\" data-id=\"46ceee6\" data-element_type=\"section\">\n\t\t\t\t\t\t<div class=\"elementor-container elementor-column-gap-default\">\n\t\t\t\t\t<div class=\"elementor-column elementor-col-100 elementor-top-column elementor-element elementor-element-c9a3bef\" data-id=\"c9a3bef\" data-element_type=\"column\">\n\t\t\t<div class=\"elementor-widget-wrap elementor-element-populated\">\n\t\t\t\t\t\t\t\t<div class=\" elementor-element elementor-element-b6f4c55 elementor-widget elementor-widget-text-editor\" data-id=\"b6f4c55\" data-element_type=\"widget\" data-widget_type=\"text-editor.default\">\n\t\t\t\t<div class=\"elementor-widget-container\">\n\t\t\t<style>\/*! elementor - v3.7.7 - 20-09-2022 *\/\n.elementor-widget-text-editor.elementor-drop-cap-view-stacked .elementor-drop-cap{background-color:#818a91;color:#fff}.elementor-widget-text-editor.elementor-drop-cap-view-framed .elementor-drop-cap{color:#818a91;border:3px solid;background-color:transparent}.elementor-widget-text-editor:not(.elementor-drop-cap-view-default) .elementor-drop-cap{margin-top:8px}.elementor-widget-text-editor:not(.elementor-drop-cap-view-default) .elementor-drop-cap-letter{width:1em;height:1em}.elementor-widget-text-editor .elementor-drop-cap{float:left;text-align:center;line-height:1;font-size:50px}.elementor-widget-text-editor .elementor-drop-cap-letter{display:inline-block}<\/style>\t\t\t\t<p>Grosse Isle est un groupe irlando-qu\u00e9b\u00e9cois qui m\u00e9lange les r\u00e9pertoires traditionnels irlandais et qu\u00e9b\u00e9cois \u00e0 des compositions originales. D\u2019Irlande, le r\u00e9put\u00e9 multi-instrumentiste et champion de cornemuse et de whistle, Fiachra O\u2019Regan. Du Qu\u00e9bec, la musicienne et \u00ab\u00a0sublime compositrice\u00a0\u00bb (<i>folkworld<\/i>),\u00a0Sophie Lavoie. Accompagn\u00e9 par Fran\u00e7ois-F\u00e9lix Roy \u00e0 la guitare, Grosse Isle pr\u00e9sente actuellement son tout nouveau spectacle, intitul\u00e9 <i>Hom\u00e9rique. Hom\u00e9rique<\/i> est une \u00e9pop\u00e9e \u00e0 travers les personnages l\u00e9gendaires de l\u2019Irlande et du Qu\u00e9bec en trois langues\u00a0: le fran\u00e7ais, l\u2019anglais et l\u2019irlandais.<\/p><p>Grosse Isle s\u2019est produit extensivement sur la sc\u00e8ne qu\u00e9b\u00e9coise et internationale, notamment \u00e0 de nombreux \u00e9v\u00e9nements d\u2019envergure comme <i>Celtic Connections<\/i> en \u00c9cosse (2022,2023), <i>WOMEX<\/i> au Portugal (2021), <i>Milwaukee Irish Festival<\/i> aux \u00c9tats-Unis (2023) et les<i> Jeux du Canada<\/i> (2022).<span class=\"Apple-converted-space\">\u00a0<\/span><\/p><p>La musique de Grosse Isle fut maintes fois acclam\u00e9e par les critiques, valant au groupe de nombreuses nominations (ADISQ, Canadian Folk Music Awards, GAMIQ). En 2016, leur premier album\u00a0<i>Un Canadien errant<\/i>\u00a0fut accueilli\u00a0comme \u00ab une exp\u00e9rience musicale saisissante \u00bb\u00a0<i>(Le Devoir, 2016)<\/i>. En 2019, le groupe fut unanimement applaudi par les critiques avec\u00a0<i>Portraits<\/i>, \u00ab\u00a0un vrai tr\u00e9sor\u00a0\u00bb\u00a0<i>(Folkword, 2019),<\/i> \u00ab\u00a0une \u0153uvre d\u2019art en soi\u00a0\u00bb\u00a0<i>(Roots Music Canada, 2019)<\/i>. L\u2019album <i>Le bonhomme sept heures <\/i>repr\u00e9sente le meilleur de deux grandes cultures<i>. (Roots Music Canada, 2021).<span class=\"Apple-converted-space\">\u00a0<\/span><\/i><\/p><p>Grosse Isle est \u00ab\u00a0un trio dont le talent n\u2019est plus \u00e0 d\u00e9montrer\u00a0\u00bb (Le Peuple Breton, 2021).<span class=\"Apple-converted-space\">\u00a0<\/span><\/p>\t\t\t\t\t\t<\/div>\n\t\t\t\t<\/div>\n\t\t\t\t\t<\/div>\n\t\t<\/div>\n\t\t\t\t\t\t\t<\/div>\n\t\t<\/section>\n\t\t\t\t<section class=\"wolf-core-elementor-row wolf-core-font-  elementor-section elementor-top-section elementor-element elementor-element-5f4d3cf elementor-section-boxed elementor-section-height-default elementor-section-height-default\" data-id=\"5f4d3cf\" data-element_type=\"section\">\n\t\t\t\t\t\t\t<div class=\"elementor-background-overlay\"><\/div>\n\t\t\t\t\t\t\t<div class=\"elementor-container elementor-column-gap-default\">\n\t\t\t\t\t<div class=\"elementor-column elementor-col-100 elementor-top-column elementor-element elementor-element-e0cc45a\" data-id=\"e0cc45a\" data-element_type=\"column\">\n\t\t\t<div class=\"elementor-widget-wrap elementor-element-populated\">\n\t\t\t\t\t\t\t\t<div class=\"wolf-core-heading elementor-element elementor-element-4f50161 elementor-widget elementor-widget-heading\" data-id=\"4f50161\" data-element_type=\"widget\" data-widget_type=\"heading.default\">\n\t\t\t\t<div class=\"elementor-widget-container\">\n\t\t\t<style>\/*! elementor - v3.7.7 - 20-09-2022 *\/\n.elementor-heading-title{padding:0;margin:0;line-height:1}.elementor-widget-heading .elementor-heading-title[class*=elementor-size-]>a{color:inherit;font-size:inherit;line-height:inherit}.elementor-widget-heading .elementor-heading-title.elementor-size-small{font-size:15px}.elementor-widget-heading .elementor-heading-title.elementor-size-medium{font-size:19px}.elementor-widget-heading .elementor-heading-title.elementor-size-large{font-size:29px}.elementor-widget-heading .elementor-heading-title.elementor-size-xl{font-size:39px}.elementor-widget-heading .elementor-heading-title.elementor-size-xxl{font-size:59px}<\/style><h2 class=\"elementor-heading-title elementor-size-default\">Sophie Lavoie<\/h2>\t\t<\/div>\n\t\t\t\t<\/div>\n\t\t\t\t<div class=\" elementor-element elementor-element-8db14c6 elementor-widget elementor-widget-text-editor\" data-id=\"8db14c6\" data-element_type=\"widget\" data-widget_type=\"text-editor.default\">\n\t\t\t\t<div class=\"elementor-widget-container\">\n\t\t\t\t\t\t\t<p><img loading=\"lazy\" class=\"alignleft wp-image-4104 size-medium\" src=\"https:\/\/grosse-isle.com\/wp-content\/uploads\/2022\/10\/1Sophie-2022_byMacam-103-300x300.jpg\" alt=\"\" width=\"300\" height=\"300\" srcset=\"https:\/\/grosse-isle.com\/wp-content\/uploads\/2022\/10\/1Sophie-2022_byMacam-103-300x300.jpg 300w, https:\/\/grosse-isle.com\/wp-content\/uploads\/2022\/10\/1Sophie-2022_byMacam-103-1024x1024.jpg 1024w, https:\/\/grosse-isle.com\/wp-content\/uploads\/2022\/10\/1Sophie-2022_byMacam-103-150x150.jpg 150w, https:\/\/grosse-isle.com\/wp-content\/uploads\/2022\/10\/1Sophie-2022_byMacam-103-768x768.jpg 768w, https:\/\/grosse-isle.com\/wp-content\/uploads\/2022\/10\/1Sophie-2022_byMacam-103-1536x1536.jpg 1536w, https:\/\/grosse-isle.com\/wp-content\/uploads\/2022\/10\/1Sophie-2022_byMacam-103-2048x2048.jpg 2048w, https:\/\/grosse-isle.com\/wp-content\/uploads\/2022\/10\/1Sophie-2022_byMacam-103-570x570.jpg 570w, https:\/\/grosse-isle.com\/wp-content\/uploads\/2022\/10\/1Sophie-2022_byMacam-103-500x500.jpg 500w, https:\/\/grosse-isle.com\/wp-content\/uploads\/2022\/10\/1Sophie-2022_byMacam-103-550x550.jpg 550w, https:\/\/grosse-isle.com\/wp-content\/uploads\/2022\/10\/1Sophie-2022_byMacam-103-700x700.jpg 700w, https:\/\/grosse-isle.com\/wp-content\/uploads\/2022\/10\/1Sophie-2022_byMacam-103-400x400.jpg 400w, https:\/\/grosse-isle.com\/wp-content\/uploads\/2022\/10\/1Sophie-2022_byMacam-103-1920x1920.jpg 1920w, https:\/\/grosse-isle.com\/wp-content\/uploads\/2022\/10\/1Sophie-2022_byMacam-103-2000x2000.jpg 2000w, https:\/\/grosse-isle.com\/wp-content\/uploads\/2022\/10\/1Sophie-2022_byMacam-103-960x960.jpg 960w, https:\/\/grosse-isle.com\/wp-content\/uploads\/2022\/10\/1Sophie-2022_byMacam-103-290x290.jpg 290w\" sizes=\"(max-width: 300px) 100vw, 300px\" \/><\/p><p>\u00ab\u00a0One of the rising stars of Qu\u00e9b\u00e9cois music\u00a0\u00bb<br \/><strong>fRoots magazine<\/strong><\/p><p>\u00ab\u00a0Sophie Lavoie is also a sublime composer on Celtic\/French terrain\u00a0\u00bb<br \/><strong>folkworld.de<\/strong><\/p><p>\u00ab\u00a0lovely voice and expert fiddling\u00a0\u00bb<br \/><strong>Songlines magazine, UK<\/strong><\/p><p>\u00ab\u00a0Her tune compositions are lithe and masterful\u00a0\u00bb<br \/><strong>The Irish Times<\/strong><\/p><p>Sophie Lavoie est une musicienne (violon, piano, voix) et une ethnomusicologue sp\u00e9cialis\u00e9e dans la musique traditionnelle de sa r\u00e9gion natale, le Saguenay-Lac-Saint-Jean. Active tant ici qu\u2019\u00e0 l\u2019international, elle est \u00ab une compositrice sublime \u00bb (FolkWorld) et une \u00ab violoneuse experte \u00bb (Songlines magazine). Elle a enregistr\u00e9 de nombreux albums applaudis par les critiques &#8211; notamment avec le groupe Grosse Isle &#8211; et fut trois fois nomm\u00e9e \u00ab traditional singer of the year \u00bb aux Canadian Folk Music Awards (2017, 2020, 2022). Avec son plus r\u00e9cent album, Bleu bleu, Sophie a \u00ab captur\u00e9 l\u2019essence de la musique qu\u00e9b\u00e9coise \u00bb (Fiddler Magazine). L\u2019album, constitu\u00e9 de chansons et de musique originales de Sophie, est simplement \u00ab un bijou \u00bb (Fiddler Magazine). <a href=\"https:\/\/sophielavoie.ca\/\" target=\"_blank\" rel=\"noopener\">sophielavoie.ca<\/a><\/p>\t\t\t\t\t\t<\/div>\n\t\t\t\t<\/div>\n\t\t\t\t\t<\/div>\n\t\t<\/div>\n\t\t\t\t\t\t\t<\/div>\n\t\t<\/section>\n\t\t\t\t<section class=\"wolf-core-elementor-row wolf-core-font-  elementor-section elementor-top-section elementor-element elementor-element-46dc596 elementor-section-boxed elementor-section-height-default elementor-section-height-default\" data-id=\"46dc596\" data-element_type=\"section\">\n\t\t\t\t\t\t<div class=\"elementor-container elementor-column-gap-default\">\n\t\t\t\t\t<div class=\"elementor-column elementor-col-100 elementor-top-column elementor-element elementor-element-890cef3\" data-id=\"890cef3\" data-element_type=\"column\">\n\t\t\t<div class=\"elementor-widget-wrap elementor-element-populated\">\n\t\t\t\t\t\t\t\t<div class=\"wolf-core-heading elementor-element elementor-element-21974d9 elementor-widget elementor-widget-heading\" data-id=\"21974d9\" data-element_type=\"widget\" data-widget_type=\"heading.default\">\n\t\t\t\t<div class=\"elementor-widget-container\">\n\t\t\t<h2 class=\"elementor-heading-title elementor-size-default\">Fran\u00e7ois-F\u00e9lix Roy<\/h2>\t\t<\/div>\n\t\t\t\t<\/div>\n\t\t\t\t<div class=\" elementor-element elementor-element-224ce2a elementor-widget elementor-widget-text-editor\" data-id=\"224ce2a\" data-element_type=\"widget\" data-widget_type=\"text-editor.default\">\n\t\t\t\t<div class=\"elementor-widget-container\">\n\t\t\t\t\t\t\t<p><img loading=\"lazy\" class=\"wp-image-4585 size-medium alignleft\" src=\"https:\/\/grosse-isle.com\/wp-content\/uploads\/2024\/11\/Francois-Felix-Roy-300x300.jpg\" alt=\"\" width=\"300\" height=\"300\" srcset=\"https:\/\/grosse-isle.com\/wp-content\/uploads\/2024\/11\/Francois-Felix-Roy-300x300.jpg 300w, https:\/\/grosse-isle.com\/wp-content\/uploads\/2024\/11\/Francois-Felix-Roy-1024x1024.jpg 1024w, https:\/\/grosse-isle.com\/wp-content\/uploads\/2024\/11\/Francois-Felix-Roy-150x150.jpg 150w, https:\/\/grosse-isle.com\/wp-content\/uploads\/2024\/11\/Francois-Felix-Roy-768x768.jpg 768w, https:\/\/grosse-isle.com\/wp-content\/uploads\/2024\/11\/Francois-Felix-Roy-1536x1536.jpg 1536w, https:\/\/grosse-isle.com\/wp-content\/uploads\/2024\/11\/Francois-Felix-Roy-2048x2048.jpg 2048w, https:\/\/grosse-isle.com\/wp-content\/uploads\/2024\/11\/Francois-Felix-Roy-570x570.jpg 570w, https:\/\/grosse-isle.com\/wp-content\/uploads\/2024\/11\/Francois-Felix-Roy-500x500.jpg 500w, https:\/\/grosse-isle.com\/wp-content\/uploads\/2024\/11\/Francois-Felix-Roy-550x550.jpg 550w, https:\/\/grosse-isle.com\/wp-content\/uploads\/2024\/11\/Francois-Felix-Roy-700x700.jpg 700w, https:\/\/grosse-isle.com\/wp-content\/uploads\/2024\/11\/Francois-Felix-Roy-400x400.jpg 400w, https:\/\/grosse-isle.com\/wp-content\/uploads\/2024\/11\/Francois-Felix-Roy-1920x1920.jpg 1920w, https:\/\/grosse-isle.com\/wp-content\/uploads\/2024\/11\/Francois-Felix-Roy-2000x2000.jpg 2000w, https:\/\/grosse-isle.com\/wp-content\/uploads\/2024\/11\/Francois-Felix-Roy-960x960.jpg 960w, https:\/\/grosse-isle.com\/wp-content\/uploads\/2024\/11\/Francois-Felix-Roy-290x290.jpg 290w\" sizes=\"(max-width: 300px) 100vw, 300px\" \/><\/p><p>\u00ab\u00a0une voix claire et un jeu plein de finesse \u00e0 la guitare\u00a0\u00bb <strong>Guido Festinese, Giornale della musica (Italie)<\/strong><\/p><p>\u00ab\u00a0His music is united by fresh arrangements [and] deft fingerstyle guitar work\u00a0\u00bb <strong>Li Robbins, Songlines Magazine (UK)<\/strong>\u00a0<\/p><p>\u00ab\u00a0If [his solo album] is anything to go by he will only continue to impress\u00a0\u00bb <strong>Li Robbins, Songlines Magazine (UK)<\/strong><\/p><p>Laur\u00e9at du Prix Aldor Rel\u00e8ve 2022 d\u00e9cern\u00e9 par le Festival Trad Montr\u00e9al, Fran\u00e7ois-F\u00e9lix Roy apporte un vent de nouveaut\u00e9 avec son approche alliant le dynamisme de la musique traditionnelle aux nuances et sensibilit\u00e9s des chansonniers et folksingers. Tant\u00f4t entra\u00eenantes, tant\u00f4t introspectives, ses chansons sont soutenues par un jeu de guitare subtil et expressif et une podorythmie puissante. Il se d\u00e9marque aussi en revisitant le r\u00e9pertoire instrumental de la musique traditionnelle qu\u00e9b\u00e9coise dans des arrangements tout en finesse pour guitare fingerstyle.<\/p><p>Son premier album solo Peines perdues, sorti en 2023 et r\u00e9alis\u00e9 par \u00c9ric Beaudry (De temps antan, La bottine souriante), l\u2019a men\u00e9 sur diverses sc\u00e8nes r\u00e9put\u00e9es, dont le Th\u00e9\u00e2tre National de G\u00eanes en Italie. Fran\u00e7ois-F\u00e9lix s\u2019est distingu\u00e9 par des prix au Canada et aux \u00c9tats-Unis, o\u00f9 son interpr\u00e9tation dynamique, sa ma\u00eetrise instrumentale et son rapport chaleureux avec le public ont \u00e9t\u00e9 soulign\u00e9s. Il a notamment partag\u00e9 la sc\u00e8ne avec des artistes renomm\u00e9s tels que le virtuose Italien Beppe Gambetta et le chanteur Oji-Cree Aysanabee. <a href=\"https:\/\/www.francoisfelixroy.com\/\" target=\"_blank\" rel=\"noopener\">francoisfelixroy.com<\/a><\/p>\t\t\t\t\t\t<\/div>\n\t\t\t\t<\/div>\n\t\t\t\t\t<\/div>\n\t\t<\/div>\n\t\t\t\t\t\t\t<\/div>\n\t\t<\/section>\n\t\t\t\t<section class=\"wolf-core-elementor-row wolf-core-font-  elementor-section elementor-top-section elementor-element elementor-element-4b4ec4c elementor-section-boxed elementor-section-height-default elementor-section-height-default\" data-id=\"4b4ec4c\" data-element_type=\"section\">\n\t\t\t\t\t\t\t<div class=\"elementor-background-overlay\"><\/div>\n\t\t\t\t\t\t\t<div class=\"elementor-container elementor-column-gap-default\">\n\t\t\t\t\t<div class=\"elementor-column elementor-col-100 elementor-top-column elementor-element elementor-element-fc2ad07\" data-id=\"fc2ad07\" data-element_type=\"column\">\n\t\t\t<div class=\"elementor-widget-wrap elementor-element-populated\">\n\t\t\t\t\t\t\t\t<div class=\"wolf-core-heading elementor-element elementor-element-cccfd02 elementor-widget elementor-widget-heading\" data-id=\"cccfd02\" data-element_type=\"widget\" data-widget_type=\"heading.default\">\n\t\t\t\t<div class=\"elementor-widget-container\">\n\t\t\t<h2 class=\"elementor-heading-title elementor-size-default\">Fiachra O'Regan<\/h2>\t\t<\/div>\n\t\t\t\t<\/div>\n\t\t\t\t<div class=\" elementor-element elementor-element-5f4cfdc elementor-widget elementor-widget-text-editor\" data-id=\"5f4cfdc\" data-element_type=\"widget\" data-widget_type=\"text-editor.default\">\n\t\t\t\t<div class=\"elementor-widget-container\">\n\t\t\t\t\t\t\t<p><span lang=\"FR\"><img loading=\"lazy\" class=\"wp-image-4146 size-medium alignleft\" src=\"https:\/\/grosse-isle.com\/wp-content\/uploads\/2022\/10\/fiachra-bio-300x294.jpg\" alt=\"\" width=\"300\" height=\"294\" srcset=\"https:\/\/grosse-isle.com\/wp-content\/uploads\/2022\/10\/fiachra-bio-300x294.jpg 300w, https:\/\/grosse-isle.com\/wp-content\/uploads\/2022\/10\/fiachra-bio-1024x1005.jpg 1024w, https:\/\/grosse-isle.com\/wp-content\/uploads\/2022\/10\/fiachra-bio-768x754.jpg 768w, https:\/\/grosse-isle.com\/wp-content\/uploads\/2022\/10\/fiachra-bio-1536x1507.jpg 1536w, https:\/\/grosse-isle.com\/wp-content\/uploads\/2022\/10\/fiachra-bio-581x570.jpg 581w, https:\/\/grosse-isle.com\/wp-content\/uploads\/2022\/10\/fiachra-bio-500x491.jpg 500w, https:\/\/grosse-isle.com\/wp-content\/uploads\/2022\/10\/fiachra-bio-550x540.jpg 550w, https:\/\/grosse-isle.com\/wp-content\/uploads\/2022\/10\/fiachra-bio-700x687.jpg 700w, https:\/\/grosse-isle.com\/wp-content\/uploads\/2022\/10\/fiachra-bio-400x393.jpg 400w, https:\/\/grosse-isle.com\/wp-content\/uploads\/2022\/10\/fiachra-bio.jpg 1663w\" sizes=\"(max-width: 300px) 100vw, 300px\" \/><\/span><\/p><p><span lang=\"FR\">\u00ab\u00a0Fiachra\u2019s piping is particularly impressive, sometimes wild like Paddy Keenan,\u00a0 sometimes more delicately restrained like Liam O\u2019Flynn could be, and always spot on\u00a0\u00bb<br \/><\/span><span lang=\"FR\"><b>fRoots Magazine<\/b><\/span><\/p><p><span lang=\"FR\">\u00ab\u00a0Fiachra\u2019s pipes shine on the modern irish jig <em>Sport<\/em>\u00ab\u00a0<br \/><\/span><b><span lang=\"FR\">folkworld.de<\/span><\/b><\/p><p>\u00ab\u00a0&#8230;O\u2019Regan\u2019s piping is characteristically subtle, unfussily anchoring the trio&#8230;\u00a0\u00bb<br \/><strong>The Irish Times<\/strong><\/p><p>Fiachra O\u2019Regan vient du Connemara, sur la c\u00f4te ouest de l\u2019Irlande. Il joue de la musique traditionnelle irlandaise au uilleann pipes (cornemuse irlandaise), au banjo et au whistle. Il a donn\u00e9 des spectacles aux \u00c9tats-Unis, en Oc\u00e9anie et en Europe, ainsi que jou\u00e9 sur sc\u00e8ne avec The Chieftains et Paddy Keenan. Fiachra est All Ireland Champion au Uilleann Pipes et au Whistle. Il a jou\u00e9 sur plusieurs compilations, notamment The Rolling Wave, produit par le Piper\u2019s Club de Dublin, et Come by the Hills, produit par\u00a0la Connemara Community Radio. Il a \u00e9galement enregistr\u00e9 un album solo, Aisling Gheal <a href=\"http:\/\/www.fiachrapipes.com\/buy.html\">(acheter)<\/a>, un album en duo, Sophie &amp; Fiachra, ainsi qu\u2019un album avec son groupe F\u00e0sta, Rewind. Pour obtenir des informations suppl\u00e9mentaires ou \u00e9couter des extraits sonores, veuillez consulter sur son site : <a href=\"http:\/\/www.fiachrapipes.com\/\">www.fiachrapipes.com<\/a><\/p><p><span lang=\"FR\">\u00a0<\/span><\/p>\t\t\t\t\t\t<\/div>\n\t\t\t\t<\/div>\n\t\t\t\t\t<\/div>\n\t\t<\/div>\n\t\t\t\t\t\t\t<\/div>\n\t\t<\/section>\n\t\t\t\t\t\t\t<\/div>\n\t\t","protected":false},"excerpt":{"rendered":"<p>Grosse Isle est un groupe irlando-qu\u00e9b\u00e9cois qui m\u00e9lange les r\u00e9pertoires traditionnels irlandais et qu\u00e9b\u00e9cois \u00e0 des compositions originales. D\u2019Irlande, le r\u00e9put\u00e9 multi-instrumentiste et champion de cornemuse et de whistle, Fiachra O\u2019Regan. Du Qu\u00e9bec, la musicienne et \u00ab\u00a0sublime compositrice\u00a0\u00bb (folkworld),\u00a0Sophie Lavoie. Accompagn\u00e9 par Fran\u00e7ois-F\u00e9lix Roy \u00e0 la guitare, Grosse Isle pr\u00e9sente actuellement son tout nouveau spectacle,&#8230;<\/p>\n<p><a rel=\"bookmark\" class=\"theme-button-solid-accent wolf-core-button wolf-core-button-size-sm\" href=\"https:\/\/grosse-isle.com\/fr\/la-formation\/\"><span>Continue reading<\/span><\/a><\/p>\n","protected":false},"author":1,"featured_media":4494,"parent":0,"menu_order":0,"comment_status":"closed","ping_status":"closed","template":"","meta":[],"_links":{"self":[{"href":"https:\/\/grosse-isle.com\/fr\/wp-json\/wp\/v2\/pages\/3768"}],"collection":[{"href":"https:\/\/grosse-isle.com\/fr\/wp-json\/wp\/v2\/pages"}],"about":[{"href":"https:\/\/grosse-isle.com\/fr\/wp-json\/wp\/v2\/types\/page"}],"author":[{"embeddable":true,"href":"https:\/\/grosse-isle.com\/fr\/wp-json\/wp\/v2\/users\/1"}],"replies":[{"embeddable":true,"href":"https:\/\/grosse-isle.com\/fr\/wp-json\/wp\/v2\/comments?post=3768"}],"version-history":[{"count":40,"href":"https:\/\/grosse-isle.com\/fr\/wp-json\/wp\/v2\/pages\/3768\/revisions"}],"predecessor-version":[{"id":4658,"href":"https:\/\/grosse-isle.com\/fr\/wp-json\/wp\/v2\/pages\/3768\/revisions\/4658"}],"wp:featuredmedia":[{"embeddable":true,"href":"https:\/\/grosse-isle.com\/fr\/wp-json\/wp\/v2\/media\/4494"}],"wp:attachment":[{"href":"https:\/\/grosse-isle.com\/fr\/wp-json\/wp\/v2\/media?parent=3768"}],"curies":[{"name":"wp","href":"https:\/\/api.w.org\/{rel}","templated":true}]}}