{"id":3805,"date":"2022-09-27T03:32:29","date_gmt":"2022-09-27T03:32:29","guid":{"rendered":"https:\/\/grosse-isle.com\/shop\/"},"modified":"2025-04-01T13:47:46","modified_gmt":"2025-04-01T13:47:46","slug":"magasin","status":"publish","type":"page","link":"https:\/\/grosse-isle.com\/fr\/magasin\/","title":{"rendered":"Magasin"},"content":{"rendered":"\t\t<div data-elementor-type=\"wp-page\" data-elementor-id=\"3805\" class=\"elementor elementor-3805 elementor-9\">\n\t\t\t\t\t\t\t\t\t<section class=\"wolf-core-elementor-row wolf-core-font-  elementor-section elementor-top-section elementor-element elementor-element-48239ff elementor-section-boxed elementor-section-height-default elementor-section-height-default\" data-id=\"48239ff\" data-element_type=\"section\">\n\t\t\t\t\t\t<div class=\"elementor-container elementor-column-gap-default\">\n\t\t\t\t\t<div class=\"elementor-column elementor-col-33 elementor-top-column elementor-element elementor-element-0178a5b\" data-id=\"0178a5b\" data-element_type=\"column\">\n\t\t\t<div class=\"elementor-widget-wrap elementor-element-populated\">\n\t\t\t\t\t\t\t\t<div class=\" elementor-element elementor-element-c344389 elementor-widget elementor-widget-text-editor\" data-id=\"c344389\" data-element_type=\"widget\" data-widget_type=\"text-editor.default\">\n\t\t\t\t<div class=\"elementor-widget-container\">\n\t\t\t<style>\/*! elementor - v3.7.7 - 20-09-2022 *\/\n.elementor-widget-text-editor.elementor-drop-cap-view-stacked .elementor-drop-cap{background-color:#818a91;color:#fff}.elementor-widget-text-editor.elementor-drop-cap-view-framed .elementor-drop-cap{color:#818a91;border:3px solid;background-color:transparent}.elementor-widget-text-editor:not(.elementor-drop-cap-view-default) .elementor-drop-cap{margin-top:8px}.elementor-widget-text-editor:not(.elementor-drop-cap-view-default) .elementor-drop-cap-letter{width:1em;height:1em}.elementor-widget-text-editor .elementor-drop-cap{float:left;text-align:center;line-height:1;font-size:50px}.elementor-widget-text-editor .elementor-drop-cap-letter{display:inline-block}<\/style>\t\t\t\t<p style=\"text-align: center;\"><a href=\"https:\/\/espaceparallele.ca\/produit\/grosse-isle-homerique\/\" target=\"_blank\" rel=\"noopener\"><img loading=\"lazy\" class=\"aligncenter wp-image-4837\" src=\"https:\/\/grosse-isle.com\/wp-content\/uploads\/2025\/03\/a2159120347_10-300x300.jpg\" alt=\"\" width=\"600\" height=\"600\" srcset=\"https:\/\/grosse-isle.com\/wp-content\/uploads\/2025\/03\/a2159120347_10-300x300.jpg 300w, https:\/\/grosse-isle.com\/wp-content\/uploads\/2025\/03\/a2159120347_10-1024x1024.jpg 1024w, https:\/\/grosse-isle.com\/wp-content\/uploads\/2025\/03\/a2159120347_10-150x150.jpg 150w, https:\/\/grosse-isle.com\/wp-content\/uploads\/2025\/03\/a2159120347_10-768x768.jpg 768w, https:\/\/grosse-isle.com\/wp-content\/uploads\/2025\/03\/a2159120347_10-570x570.jpg 570w, https:\/\/grosse-isle.com\/wp-content\/uploads\/2025\/03\/a2159120347_10-500x500.jpg 500w, https:\/\/grosse-isle.com\/wp-content\/uploads\/2025\/03\/a2159120347_10-550x550.jpg 550w, https:\/\/grosse-isle.com\/wp-content\/uploads\/2025\/03\/a2159120347_10-700x700.jpg 700w, https:\/\/grosse-isle.com\/wp-content\/uploads\/2025\/03\/a2159120347_10-400x400.jpg 400w, https:\/\/grosse-isle.com\/wp-content\/uploads\/2025\/03\/a2159120347_10-960x960.jpg 960w, https:\/\/grosse-isle.com\/wp-content\/uploads\/2025\/03\/a2159120347_10-290x290.jpg 290w, https:\/\/grosse-isle.com\/wp-content\/uploads\/2025\/03\/a2159120347_10.jpg 1200w\" sizes=\"(max-width: 600px) 100vw, 600px\" \/><\/a>Grosse Isle (2025)<br \/><a href=\"https:\/\/espaceparallele.ca\/produit\/grosse-isle-homerique\/\" target=\"_blank\" rel=\"noopener\">\u00e9couter \/ acheter<\/a><\/p>\t\t\t\t\t\t<\/div>\n\t\t\t\t<\/div>\n\t\t\t\t\t<\/div>\n\t\t<\/div>\n\t\t\t\t<div class=\"elementor-column elementor-col-33 elementor-top-column elementor-element elementor-element-82d9f82\" data-id=\"82d9f82\" data-element_type=\"column\">\n\t\t\t<div class=\"elementor-widget-wrap elementor-element-populated\">\n\t\t\t\t\t\t\t\t<div class=\" elementor-element elementor-element-c072683 elementor-widget elementor-widget-text-editor\" data-id=\"c072683\" data-element_type=\"widget\" data-widget_type=\"text-editor.default\">\n\t\t\t\t<div class=\"elementor-widget-container\">\n\t\t\t\t\t\t\t<p style=\"text-align: center;\"><a href=\"https:\/\/espaceparallele.ca\/produit\/grosse-isle-le-bonhomme-sept-heures-the-bonesetter\/\" target=\"_blank\" rel=\"noopener\"><img loading=\"lazy\" class=\"aligncenter wp-image-2829\" src=\"https:\/\/grosse-isle.com\/wp-content\/uploads\/2014\/04\/a3787924904_10-300x300.jpg\" alt=\"\" width=\"600\" height=\"600\" srcset=\"https:\/\/grosse-isle.com\/wp-content\/uploads\/2014\/04\/a3787924904_10-300x300.jpg 300w, https:\/\/grosse-isle.com\/wp-content\/uploads\/2014\/04\/a3787924904_10-1024x1024.jpg 1024w, https:\/\/grosse-isle.com\/wp-content\/uploads\/2014\/04\/a3787924904_10-150x150.jpg 150w, https:\/\/grosse-isle.com\/wp-content\/uploads\/2014\/04\/a3787924904_10-768x768.jpg 768w, https:\/\/grosse-isle.com\/wp-content\/uploads\/2014\/04\/a3787924904_10-570x570.jpg 570w, https:\/\/grosse-isle.com\/wp-content\/uploads\/2014\/04\/a3787924904_10-500x500.jpg 500w, https:\/\/grosse-isle.com\/wp-content\/uploads\/2014\/04\/a3787924904_10-550x550.jpg 550w, https:\/\/grosse-isle.com\/wp-content\/uploads\/2014\/04\/a3787924904_10-700x700.jpg 700w, https:\/\/grosse-isle.com\/wp-content\/uploads\/2014\/04\/a3787924904_10-400x400.jpg 400w, https:\/\/grosse-isle.com\/wp-content\/uploads\/2014\/04\/a3787924904_10-960x960.jpg 960w, https:\/\/grosse-isle.com\/wp-content\/uploads\/2014\/04\/a3787924904_10-600x600.jpg 600w, https:\/\/grosse-isle.com\/wp-content\/uploads\/2014\/04\/a3787924904_10-100x100.jpg 100w, https:\/\/grosse-isle.com\/wp-content\/uploads\/2014\/04\/a3787924904_10-290x290.jpg 290w, https:\/\/grosse-isle.com\/wp-content\/uploads\/2014\/04\/a3787924904_10.jpg 1200w\" sizes=\"(max-width: 600px) 100vw, 600px\" \/><\/a>Grosse Isle (2021)<br \/><a href=\"https:\/\/espaceparallele.ca\/produit\/grosse-isle-le-bonhomme-sept-heures-the-bonesetter\/\" target=\"_blank\" rel=\"noopener\">\u00e9couter \/ acheter<\/a><\/p>\t\t\t\t\t\t<\/div>\n\t\t\t\t<\/div>\n\t\t\t\t\t<\/div>\n\t\t<\/div>\n\t\t\t\t<div class=\"elementor-column elementor-col-33 elementor-top-column elementor-element elementor-element-73ee892\" data-id=\"73ee892\" data-element_type=\"column\">\n\t\t\t<div class=\"elementor-widget-wrap elementor-element-populated\">\n\t\t\t\t\t\t\t\t<div class=\" elementor-element elementor-element-0858a6c elementor-widget elementor-widget-text-editor\" data-id=\"0858a6c\" data-element_type=\"widget\" data-widget_type=\"text-editor.default\">\n\t\t\t\t<div class=\"elementor-widget-container\">\n\t\t\t\t\t\t\t<p style=\"text-align: center;\"><a href=\"https:\/\/grosseisle.bandcamp.com\/album\/portraits\" target=\"_blank\" rel=\"noopener\"><img loading=\"lazy\" class=\"aligncenter wp-image-2836\" src=\"https:\/\/grosse-isle.com\/wp-content\/uploads\/2013\/11\/a0932569888_10-300x300.jpg\" alt=\"\" width=\"600\" height=\"600\" srcset=\"https:\/\/grosse-isle.com\/wp-content\/uploads\/2013\/11\/a0932569888_10-300x300.jpg 300w, https:\/\/grosse-isle.com\/wp-content\/uploads\/2013\/11\/a0932569888_10-1024x1024.jpg 1024w, https:\/\/grosse-isle.com\/wp-content\/uploads\/2013\/11\/a0932569888_10-150x150.jpg 150w, https:\/\/grosse-isle.com\/wp-content\/uploads\/2013\/11\/a0932569888_10-768x768.jpg 768w, https:\/\/grosse-isle.com\/wp-content\/uploads\/2013\/11\/a0932569888_10-570x570.jpg 570w, https:\/\/grosse-isle.com\/wp-content\/uploads\/2013\/11\/a0932569888_10-500x500.jpg 500w, https:\/\/grosse-isle.com\/wp-content\/uploads\/2013\/11\/a0932569888_10-550x550.jpg 550w, https:\/\/grosse-isle.com\/wp-content\/uploads\/2013\/11\/a0932569888_10-700x700.jpg 700w, https:\/\/grosse-isle.com\/wp-content\/uploads\/2013\/11\/a0932569888_10-400x400.jpg 400w, https:\/\/grosse-isle.com\/wp-content\/uploads\/2013\/11\/a0932569888_10-960x960.jpg 960w, https:\/\/grosse-isle.com\/wp-content\/uploads\/2013\/11\/a0932569888_10-600x600.jpg 600w, https:\/\/grosse-isle.com\/wp-content\/uploads\/2013\/11\/a0932569888_10-100x100.jpg 100w, https:\/\/grosse-isle.com\/wp-content\/uploads\/2013\/11\/a0932569888_10-290x290.jpg 290w, https:\/\/grosse-isle.com\/wp-content\/uploads\/2013\/11\/a0932569888_10.jpg 1200w\" sizes=\"(max-width: 600px) 100vw, 600px\" \/><\/a>Grosse Isle (2018)<br \/><a href=\"https:\/\/grosseisle.bandcamp.com\/album\/portraits\" target=\"_blank\" rel=\"noopener\">\u00e9couter \/ acheter<\/a><\/p>\t\t\t\t\t\t<\/div>\n\t\t\t\t<\/div>\n\t\t\t\t\t<\/div>\n\t\t<\/div>\n\t\t\t\t\t\t\t<\/div>\n\t\t<\/section>\n\t\t\t\t<section class=\"wolf-core-elementor-row wolf-core-font-  elementor-section elementor-top-section elementor-element elementor-element-5a78155 elementor-section-boxed elementor-section-height-default elementor-section-height-default\" data-id=\"5a78155\" data-element_type=\"section\">\n\t\t\t\t\t\t<div class=\"elementor-container elementor-column-gap-default\">\n\t\t\t\t\t<div class=\"elementor-column elementor-col-33 elementor-top-column elementor-element elementor-element-febbdff\" data-id=\"febbdff\" data-element_type=\"column\">\n\t\t\t<div class=\"elementor-widget-wrap elementor-element-populated\">\n\t\t\t\t\t\t\t\t<div class=\" elementor-element elementor-element-fd92ebb elementor-widget elementor-widget-text-editor\" data-id=\"fd92ebb\" data-element_type=\"widget\" data-widget_type=\"text-editor.default\">\n\t\t\t\t<div class=\"elementor-widget-container\">\n\t\t\t\t\t\t\t<p style=\"text-align: center;\"><a href=\"https:\/\/grosseisle.bandcamp.com\/album\/un-canadien-errant\" target=\"_blank\" rel=\"noopener\"><img loading=\"lazy\" class=\"aligncenter wp-image-2835\" src=\"https:\/\/grosse-isle.com\/wp-content\/uploads\/2013\/11\/a1678111466_10-300x300.jpg\" alt=\"\" width=\"600\" height=\"600\" srcset=\"https:\/\/grosse-isle.com\/wp-content\/uploads\/2013\/11\/a1678111466_10-300x300.jpg 300w, https:\/\/grosse-isle.com\/wp-content\/uploads\/2013\/11\/a1678111466_10-1024x1024.jpg 1024w, https:\/\/grosse-isle.com\/wp-content\/uploads\/2013\/11\/a1678111466_10-150x150.jpg 150w, https:\/\/grosse-isle.com\/wp-content\/uploads\/2013\/11\/a1678111466_10-768x768.jpg 768w, https:\/\/grosse-isle.com\/wp-content\/uploads\/2013\/11\/a1678111466_10-570x570.jpg 570w, https:\/\/grosse-isle.com\/wp-content\/uploads\/2013\/11\/a1678111466_10-500x500.jpg 500w, https:\/\/grosse-isle.com\/wp-content\/uploads\/2013\/11\/a1678111466_10-550x550.jpg 550w, https:\/\/grosse-isle.com\/wp-content\/uploads\/2013\/11\/a1678111466_10-700x700.jpg 700w, https:\/\/grosse-isle.com\/wp-content\/uploads\/2013\/11\/a1678111466_10-400x400.jpg 400w, https:\/\/grosse-isle.com\/wp-content\/uploads\/2013\/11\/a1678111466_10-960x960.jpg 960w, https:\/\/grosse-isle.com\/wp-content\/uploads\/2013\/11\/a1678111466_10-600x600.jpg 600w, https:\/\/grosse-isle.com\/wp-content\/uploads\/2013\/11\/a1678111466_10-100x100.jpg 100w, https:\/\/grosse-isle.com\/wp-content\/uploads\/2013\/11\/a1678111466_10-290x290.jpg 290w, https:\/\/grosse-isle.com\/wp-content\/uploads\/2013\/11\/a1678111466_10.jpg 1200w\" sizes=\"(max-width: 600px) 100vw, 600px\" \/><\/a>Grosse Isle (2016)<br \/><a href=\"https:\/\/grosseisle.bandcamp.com\/album\/un-canadien-errant\" target=\"_blank\" rel=\"noopener\">\u00e9couter \/ acheter<\/a><\/p>\t\t\t\t\t\t<\/div>\n\t\t\t\t<\/div>\n\t\t\t\t\t<\/div>\n\t\t<\/div>\n\t\t\t\t<div class=\"elementor-column elementor-col-33 elementor-top-column elementor-element elementor-element-fc05b51\" data-id=\"fc05b51\" data-element_type=\"column\">\n\t\t\t<div class=\"elementor-widget-wrap elementor-element-populated\">\n\t\t\t\t\t\t\t\t<div class=\" elementor-element elementor-element-1666ad9 elementor-widget elementor-widget-text-editor\" data-id=\"1666ad9\" data-element_type=\"widget\" data-widget_type=\"text-editor.default\">\n\t\t\t\t<div class=\"elementor-widget-container\">\n\t\t\t\t\t\t\t<p style=\"text-align: center;\"><a href=\"https:\/\/grosseisle.bandcamp.com\/album\/rewind\" target=\"_blank\" rel=\"noopener\"><img loading=\"lazy\" class=\"wp-image-3105 aligncenter\" src=\"https:\/\/grosse-isle.com\/wp-content\/uploads\/2022\/09\/Album-cover-rewind-300x300.jpg\" alt=\"\" width=\"600\" height=\"600\" srcset=\"https:\/\/grosse-isle.com\/wp-content\/uploads\/2022\/09\/Album-cover-rewind-300x300.jpg 300w, https:\/\/grosse-isle.com\/wp-content\/uploads\/2022\/09\/Album-cover-rewind-150x150.jpg 150w, https:\/\/grosse-isle.com\/wp-content\/uploads\/2022\/09\/Album-cover-rewind-570x570.jpg 570w, https:\/\/grosse-isle.com\/wp-content\/uploads\/2022\/09\/Album-cover-rewind-500x500.jpg 500w, https:\/\/grosse-isle.com\/wp-content\/uploads\/2022\/09\/Album-cover-rewind-550x550.jpg 550w, https:\/\/grosse-isle.com\/wp-content\/uploads\/2022\/09\/Album-cover-rewind-400x400.jpg 400w, https:\/\/grosse-isle.com\/wp-content\/uploads\/2022\/09\/Album-cover-rewind-600x600.jpg 600w, https:\/\/grosse-isle.com\/wp-content\/uploads\/2022\/09\/Album-cover-rewind-100x100.jpg 100w, https:\/\/grosse-isle.com\/wp-content\/uploads\/2022\/09\/Album-cover-rewind-290x290.jpg 290w, https:\/\/grosse-isle.com\/wp-content\/uploads\/2022\/09\/Album-cover-rewind.jpg 700w\" sizes=\"(max-width: 600px) 100vw, 600px\" \/><\/a>F\u00e1sta (2014)<br \/><a href=\"https:\/\/grosseisle.bandcamp.com\/album\/rewind\" target=\"_blank\" rel=\"noopener\">\u00e9couter \/ acheter<\/a><\/p>\t\t\t\t\t\t<\/div>\n\t\t\t\t<\/div>\n\t\t\t\t\t<\/div>\n\t\t<\/div>\n\t\t\t\t<div class=\"elementor-column elementor-col-33 elementor-top-column elementor-element elementor-element-887594f\" data-id=\"887594f\" data-element_type=\"column\">\n\t\t\t<div class=\"elementor-widget-wrap elementor-element-populated\">\n\t\t\t\t\t\t\t\t<div class=\" elementor-element elementor-element-468007f elementor-widget elementor-widget-text-editor\" data-id=\"468007f\" data-element_type=\"widget\" data-widget_type=\"text-editor.default\">\n\t\t\t\t<div class=\"elementor-widget-container\">\n\t\t\t\t\t\t\t<p style=\"text-align: center;\"><a href=\"https:\/\/grosseisle.bandcamp.com\/album\/sophie-fiachra\" target=\"_blank\" rel=\"noopener\"><img loading=\"lazy\" class=\"aligncenter wp-image-3106\" src=\"https:\/\/grosse-isle.com\/wp-content\/uploads\/2022\/09\/Album-cover-sophie-fiachra-300x300.jpg\" alt=\"\" width=\"600\" height=\"600\" srcset=\"https:\/\/grosse-isle.com\/wp-content\/uploads\/2022\/09\/Album-cover-sophie-fiachra-300x300.jpg 300w, https:\/\/grosse-isle.com\/wp-content\/uploads\/2022\/09\/Album-cover-sophie-fiachra-150x150.jpg 150w, https:\/\/grosse-isle.com\/wp-content\/uploads\/2022\/09\/Album-cover-sophie-fiachra-570x570.jpg 570w, https:\/\/grosse-isle.com\/wp-content\/uploads\/2022\/09\/Album-cover-sophie-fiachra-500x500.jpg 500w, https:\/\/grosse-isle.com\/wp-content\/uploads\/2022\/09\/Album-cover-sophie-fiachra-550x550.jpg 550w, https:\/\/grosse-isle.com\/wp-content\/uploads\/2022\/09\/Album-cover-sophie-fiachra-400x400.jpg 400w, https:\/\/grosse-isle.com\/wp-content\/uploads\/2022\/09\/Album-cover-sophie-fiachra-600x600.jpg 600w, https:\/\/grosse-isle.com\/wp-content\/uploads\/2022\/09\/Album-cover-sophie-fiachra-100x100.jpg 100w, https:\/\/grosse-isle.com\/wp-content\/uploads\/2022\/09\/Album-cover-sophie-fiachra-290x290.jpg 290w, https:\/\/grosse-isle.com\/wp-content\/uploads\/2022\/09\/Album-cover-sophie-fiachra.jpg 700w\" sizes=\"(max-width: 600px) 100vw, 600px\" \/><\/a>Sophie &amp; Fiachra (2010)<br \/><a href=\"https:\/\/grosseisle.bandcamp.com\/album\/sophie-fiachra\" target=\"_blank\" rel=\"noopener\">\u00e9couter \/ acheter<\/a><\/p>\t\t\t\t\t\t<\/div>\n\t\t\t\t<\/div>\n\t\t\t\t\t<\/div>\n\t\t<\/div>\n\t\t\t\t\t\t\t<\/div>\n\t\t<\/section>\n\t\t\t\t<section class=\"wolf-core-elementor-row wolf-core-font-  elementor-section elementor-top-section elementor-element elementor-element-03bd2ea elementor-section-boxed elementor-section-height-default elementor-section-height-default\" data-id=\"03bd2ea\" data-element_type=\"section\">\n\t\t\t\t\t\t<div class=\"elementor-container elementor-column-gap-default\">\n\t\t\t\t\t<div class=\"elementor-column elementor-col-33 elementor-top-column elementor-element elementor-element-754b789\" data-id=\"754b789\" data-element_type=\"column\">\n\t\t\t<div class=\"elementor-widget-wrap elementor-element-populated\">\n\t\t\t\t\t\t\t\t<div class=\" elementor-element elementor-element-b7e6b8a elementor-widget elementor-widget-text-editor\" data-id=\"b7e6b8a\" data-element_type=\"widget\" data-widget_type=\"text-editor.default\">\n\t\t\t\t<div class=\"elementor-widget-container\">\n\t\t\t\t\t\t\t<p><a href=\"https:\/\/sophielavoie.bandcamp.com\/album\/bleu-bleu\" target=\"_blank\" rel=\"noopener\"><img loading=\"lazy\" class=\"aligncenter wp-image-4351 size-full\" style=\"caret-color: #666666; color: #666666; text-align: center;\" src=\"https:\/\/grosse-isle.com\/wp-content\/uploads\/2023\/09\/bleu-bleu-600x600-1.jpg\" alt=\"\" width=\"600\" height=\"600\" srcset=\"https:\/\/grosse-isle.com\/wp-content\/uploads\/2023\/09\/bleu-bleu-600x600-1.jpg 600w, https:\/\/grosse-isle.com\/wp-content\/uploads\/2023\/09\/bleu-bleu-600x600-1-300x300.jpg 300w, https:\/\/grosse-isle.com\/wp-content\/uploads\/2023\/09\/bleu-bleu-600x600-1-150x150.jpg 150w, https:\/\/grosse-isle.com\/wp-content\/uploads\/2023\/09\/bleu-bleu-600x600-1-570x570.jpg 570w, https:\/\/grosse-isle.com\/wp-content\/uploads\/2023\/09\/bleu-bleu-600x600-1-500x500.jpg 500w, https:\/\/grosse-isle.com\/wp-content\/uploads\/2023\/09\/bleu-bleu-600x600-1-550x550.jpg 550w, https:\/\/grosse-isle.com\/wp-content\/uploads\/2023\/09\/bleu-bleu-600x600-1-400x400.jpg 400w, https:\/\/grosse-isle.com\/wp-content\/uploads\/2023\/09\/bleu-bleu-600x600-1-290x290.jpg 290w\" sizes=\"(max-width: 600px) 100vw, 600px\" \/><\/a><\/p><p style=\"text-align: center;\">Sophie Lavoie (2023)<br \/><a href=\"https:\/\/sophielavoie.bandcamp.com\/album\/bleu-bleu\" target=\"_blank\" rel=\"noopener\">\u00e9couter \/ acheter<\/a><\/p>\t\t\t\t\t\t<\/div>\n\t\t\t\t<\/div>\n\t\t\t\t\t<\/div>\n\t\t<\/div>\n\t\t\t\t<div class=\"elementor-column elementor-col-33 elementor-top-column elementor-element elementor-element-76082cd\" data-id=\"76082cd\" data-element_type=\"column\">\n\t\t\t<div class=\"elementor-widget-wrap elementor-element-populated\">\n\t\t\t\t\t\t\t\t<div class=\" elementor-element elementor-element-1b2d0d7 elementor-widget elementor-widget-text-editor\" data-id=\"1b2d0d7\" data-element_type=\"widget\" data-widget_type=\"text-editor.default\">\n\t\t\t\t<div class=\"elementor-widget-container\">\n\t\t\t\t\t\t\t<p style=\"text-align: center;\"><a href=\"https:\/\/fiachraoregan.bandcamp.com\/album\/na-beanna-beola-2\" target=\"_blank\" rel=\"noopener\"><img loading=\"lazy\" class=\"aligncenter wp-image-4368\" src=\"https:\/\/grosse-isle.com\/wp-content\/uploads\/2024\/01\/FIACHRA_OREGAN_POCHETTE_CD-2800-copy-768x768-1-300x300.jpg\" alt=\"\" width=\"600\" height=\"600\" srcset=\"https:\/\/grosse-isle.com\/wp-content\/uploads\/2024\/01\/FIACHRA_OREGAN_POCHETTE_CD-2800-copy-768x768-1-300x300.jpg 300w, https:\/\/grosse-isle.com\/wp-content\/uploads\/2024\/01\/FIACHRA_OREGAN_POCHETTE_CD-2800-copy-768x768-1-150x150.jpg 150w, https:\/\/grosse-isle.com\/wp-content\/uploads\/2024\/01\/FIACHRA_OREGAN_POCHETTE_CD-2800-copy-768x768-1-570x570.jpg 570w, https:\/\/grosse-isle.com\/wp-content\/uploads\/2024\/01\/FIACHRA_OREGAN_POCHETTE_CD-2800-copy-768x768-1-500x500.jpg 500w, https:\/\/grosse-isle.com\/wp-content\/uploads\/2024\/01\/FIACHRA_OREGAN_POCHETTE_CD-2800-copy-768x768-1-550x550.jpg 550w, https:\/\/grosse-isle.com\/wp-content\/uploads\/2024\/01\/FIACHRA_OREGAN_POCHETTE_CD-2800-copy-768x768-1-700x700.jpg 700w, https:\/\/grosse-isle.com\/wp-content\/uploads\/2024\/01\/FIACHRA_OREGAN_POCHETTE_CD-2800-copy-768x768-1-400x400.jpg 400w, https:\/\/grosse-isle.com\/wp-content\/uploads\/2024\/01\/FIACHRA_OREGAN_POCHETTE_CD-2800-copy-768x768-1-290x290.jpg 290w, https:\/\/grosse-isle.com\/wp-content\/uploads\/2024\/01\/FIACHRA_OREGAN_POCHETTE_CD-2800-copy-768x768-1.jpg 768w\" sizes=\"(max-width: 600px) 100vw, 600px\" \/><\/a>Fiachra O&rsquo;Regan (2023)<br \/><a href=\"https:\/\/fiachraoregan.bandcamp.com\/album\/na-beanna-beola-2\" target=\"_blank\" rel=\"noopener\">\u00e9couter \/ acheter<\/a><\/p>\t\t\t\t\t\t<\/div>\n\t\t\t\t<\/div>\n\t\t\t\t\t<\/div>\n\t\t<\/div>\n\t\t\t\t<div class=\"elementor-column elementor-col-33 elementor-top-column elementor-element elementor-element-516956c\" data-id=\"516956c\" data-element_type=\"column\">\n\t\t\t<div class=\"elementor-widget-wrap elementor-element-populated\">\n\t\t\t\t\t\t\t\t<div class=\" elementor-element elementor-element-7266264 elementor-widget elementor-widget-text-editor\" data-id=\"7266264\" data-element_type=\"widget\" data-widget_type=\"text-editor.default\">\n\t\t\t\t<div class=\"elementor-widget-container\">\n\t\t\t\t\t\t\t<p style=\"text-align: center;\"><a href=\"https:\/\/francoisfelixroy.bandcamp.com\/album\/peines-perdues\" target=\"_blank\" rel=\"noopener\"><img loading=\"lazy\" class=\"aligncenter wp-image-4904\" src=\"https:\/\/grosse-isle.com\/wp-content\/uploads\/2025\/04\/a2160708588_10-300x300.jpg\" alt=\"\" width=\"600\" height=\"600\" srcset=\"https:\/\/grosse-isle.com\/wp-content\/uploads\/2025\/04\/a2160708588_10-300x300.jpg 300w, https:\/\/grosse-isle.com\/wp-content\/uploads\/2025\/04\/a2160708588_10-1024x1024.jpg 1024w, https:\/\/grosse-isle.com\/wp-content\/uploads\/2025\/04\/a2160708588_10-150x150.jpg 150w, https:\/\/grosse-isle.com\/wp-content\/uploads\/2025\/04\/a2160708588_10-768x768.jpg 768w, https:\/\/grosse-isle.com\/wp-content\/uploads\/2025\/04\/a2160708588_10-570x570.jpg 570w, https:\/\/grosse-isle.com\/wp-content\/uploads\/2025\/04\/a2160708588_10-500x500.jpg 500w, https:\/\/grosse-isle.com\/wp-content\/uploads\/2025\/04\/a2160708588_10-550x550.jpg 550w, https:\/\/grosse-isle.com\/wp-content\/uploads\/2025\/04\/a2160708588_10-700x700.jpg 700w, https:\/\/grosse-isle.com\/wp-content\/uploads\/2025\/04\/a2160708588_10-400x400.jpg 400w, https:\/\/grosse-isle.com\/wp-content\/uploads\/2025\/04\/a2160708588_10-960x960.jpg 960w, https:\/\/grosse-isle.com\/wp-content\/uploads\/2025\/04\/a2160708588_10-290x290.jpg 290w, https:\/\/grosse-isle.com\/wp-content\/uploads\/2025\/04\/a2160708588_10.jpg 1200w\" sizes=\"(max-width: 600px) 100vw, 600px\" \/><\/a>Fran\u00e7ois-F\u00e9lix Roy (2023)\n<a href=\"https:\/\/francoisfelixroy.bandcamp.com\/album\/peines-perdues\" target=\"_blank\" rel=\"noopener\">\u00e9couter \/ acheter<\/a><\/p>\t\t\t\t\t\t<\/div>\n\t\t\t\t<\/div>\n\t\t\t\t\t<\/div>\n\t\t<\/div>\n\t\t\t\t\t\t\t<\/div>\n\t\t<\/section>\n\t\t\t\t<section class=\"wolf-core-elementor-row wolf-core-font-  elementor-section elementor-top-section elementor-element elementor-element-abb4bed elementor-section-boxed elementor-section-height-default elementor-section-height-default\" data-id=\"abb4bed\" data-element_type=\"section\">\n\t\t\t\t\t\t<div class=\"elementor-container elementor-column-gap-default\">\n\t\t\t\t\t<div class=\"elementor-column elementor-col-33 elementor-top-column elementor-element elementor-element-c5cc8d0\" data-id=\"c5cc8d0\" data-element_type=\"column\">\n\t\t\t<div class=\"elementor-widget-wrap\">\n\t\t\t\t\t\t\t\t\t<\/div>\n\t\t<\/div>\n\t\t\t\t<div class=\"elementor-column elementor-col-33 elementor-top-column elementor-element elementor-element-6224a9b\" data-id=\"6224a9b\" data-element_type=\"column\">\n\t\t\t<div class=\"elementor-widget-wrap elementor-element-populated\">\n\t\t\t\t\t\t\t\t<div class=\" elementor-element elementor-element-5a07f04 elementor-widget elementor-widget-text-editor\" data-id=\"5a07f04\" data-element_type=\"widget\" data-widget_type=\"text-editor.default\">\n\t\t\t\t<div class=\"elementor-widget-container\">\n\t\t\t\t\t\t\t<p style=\"text-align: center;\"><a href=\"https:\/\/fiachraoregan.bandcamp.com\/album\/aisling-gheal\" target=\"_blank\" rel=\"noopener\"><img loading=\"lazy\" class=\"aligncenter wp-image-4847\" src=\"https:\/\/grosse-isle.com\/wp-content\/uploads\/2025\/03\/a2906848458_10-300x300.jpg\" alt=\"\" width=\"600\" height=\"600\" srcset=\"https:\/\/grosse-isle.com\/wp-content\/uploads\/2025\/03\/a2906848458_10-300x300.jpg 300w, https:\/\/grosse-isle.com\/wp-content\/uploads\/2025\/03\/a2906848458_10-1024x1024.jpg 1024w, https:\/\/grosse-isle.com\/wp-content\/uploads\/2025\/03\/a2906848458_10-150x150.jpg 150w, https:\/\/grosse-isle.com\/wp-content\/uploads\/2025\/03\/a2906848458_10-768x768.jpg 768w, https:\/\/grosse-isle.com\/wp-content\/uploads\/2025\/03\/a2906848458_10-570x570.jpg 570w, https:\/\/grosse-isle.com\/wp-content\/uploads\/2025\/03\/a2906848458_10-500x500.jpg 500w, https:\/\/grosse-isle.com\/wp-content\/uploads\/2025\/03\/a2906848458_10-550x550.jpg 550w, https:\/\/grosse-isle.com\/wp-content\/uploads\/2025\/03\/a2906848458_10-700x700.jpg 700w, https:\/\/grosse-isle.com\/wp-content\/uploads\/2025\/03\/a2906848458_10-400x400.jpg 400w, https:\/\/grosse-isle.com\/wp-content\/uploads\/2025\/03\/a2906848458_10-960x960.jpg 960w, https:\/\/grosse-isle.com\/wp-content\/uploads\/2025\/03\/a2906848458_10-290x290.jpg 290w, https:\/\/grosse-isle.com\/wp-content\/uploads\/2025\/03\/a2906848458_10.jpg 1200w\" sizes=\"(max-width: 600px) 100vw, 600px\" \/><\/a>Fiachra O&rsquo;Regan (2008)<br \/><a href=\"https:\/\/fiachraoregan.bandcamp.com\/album\/aisling-gheal\" target=\"_blank\" rel=\"noopener\">\u00e9couter \/ acheter<\/a><\/p>\t\t\t\t\t\t<\/div>\n\t\t\t\t<\/div>\n\t\t\t\t\t<\/div>\n\t\t<\/div>\n\t\t\t\t<div class=\"elementor-column elementor-col-33 elementor-top-column elementor-element elementor-element-246a584\" data-id=\"246a584\" data-element_type=\"column\">\n\t\t\t<div class=\"elementor-widget-wrap\">\n\t\t\t\t\t\t\t\t\t<\/div>\n\t\t<\/div>\n\t\t\t\t\t\t\t<\/div>\n\t\t<\/section>\n\t\t\t\t\t\t\t<\/div>\n\t\t","protected":false},"excerpt":{"rendered":"<p>Grosse Isle (2025)\u00e9couter \/ acheter Grosse Isle (2021)\u00e9couter \/ acheter Grosse Isle (2018)\u00e9couter \/ acheter Grosse Isle (2016)\u00e9couter \/ acheter F\u00e1sta (2014)\u00e9couter \/ acheter Sophie &amp; Fiachra (2010)\u00e9couter \/ acheter Sophie Lavoie (2023)\u00e9couter \/ acheter Fiachra O&rsquo;Regan (2023)\u00e9couter \/ acheter Fran\u00e7ois-F\u00e9lix Roy (2023) \u00e9couter \/ acheter Fiachra O&rsquo;Regan (2008)\u00e9couter \/ acheter<\/p>\n","protected":false},"author":1,"featured_media":3716,"parent":0,"menu_order":0,"comment_status":"closed","ping_status":"closed","template":"","meta":[],"_links":{"self":[{"href":"https:\/\/grosse-isle.com\/fr\/wp-json\/wp\/v2\/pages\/3805"}],"collection":[{"href":"https:\/\/grosse-isle.com\/fr\/wp-json\/wp\/v2\/pages"}],"about":[{"href":"https:\/\/grosse-isle.com\/fr\/wp-json\/wp\/v2\/types\/page"}],"author":[{"embeddable":true,"href":"https:\/\/grosse-isle.com\/fr\/wp-json\/wp\/v2\/users\/1"}],"replies":[{"embeddable":true,"href":"https:\/\/grosse-isle.com\/fr\/wp-json\/wp\/v2\/comments?post=3805"}],"version-history":[{"count":35,"href":"https:\/\/grosse-isle.com\/fr\/wp-json\/wp\/v2\/pages\/3805\/revisions"}],"predecessor-version":[{"id":4917,"href":"https:\/\/grosse-isle.com\/fr\/wp-json\/wp\/v2\/pages\/3805\/revisions\/4917"}],"wp:featuredmedia":[{"embeddable":true,"href":"https:\/\/grosse-isle.com\/fr\/wp-json\/wp\/v2\/media\/3716"}],"wp:attachment":[{"href":"https:\/\/grosse-isle.com\/fr\/wp-json\/wp\/v2\/media?parent=3805"}],"curies":[{"name":"wp","href":"https:\/\/api.w.org\/{rel}","templated":true}]}}