{"id":3822,"date":"2022-09-28T13:26:50","date_gmt":"2022-09-28T13:26:50","guid":{"rendered":"https:\/\/grosse-isle.com\/contact\/"},"modified":"2025-04-09T16:23:26","modified_gmt":"2025-04-09T16:23:26","slug":"contact","status":"publish","type":"page","link":"https:\/\/grosse-isle.com\/fr\/contact\/","title":{"rendered":"Contact"},"content":{"rendered":"\t\t<div data-elementor-type=\"wp-page\" data-elementor-id=\"3822\" class=\"elementor elementor-3822 elementor-3235\">\n\t\t\t\t\t\t\t\t\t<section class=\"wolf-core-elementor-row wolf-core-font-  elementor-section elementor-top-section elementor-element elementor-element-729500f elementor-section-boxed elementor-section-height-default elementor-section-height-default\" data-id=\"729500f\" data-element_type=\"section\">\n\t\t\t\t\t\t<div class=\"elementor-container elementor-column-gap-default\">\n\t\t\t\t\t<div class=\"elementor-column elementor-col-50 elementor-top-column elementor-element elementor-element-be81aef\" data-id=\"be81aef\" data-element_type=\"column\">\n\t\t\t<div class=\"elementor-widget-wrap elementor-element-populated\">\n\t\t\t\t\t\t\t\t<div class=\" elementor-element elementor-element-6257d88 elementor-widget elementor-widget-text-editor\" data-id=\"6257d88\" data-element_type=\"widget\" data-widget_type=\"text-editor.default\">\n\t\t\t\t<div class=\"elementor-widget-container\">\n\t\t\t<style>\/*! elementor - v3.7.7 - 20-09-2022 *\/\n.elementor-widget-text-editor.elementor-drop-cap-view-stacked .elementor-drop-cap{background-color:#818a91;color:#fff}.elementor-widget-text-editor.elementor-drop-cap-view-framed .elementor-drop-cap{color:#818a91;border:3px solid;background-color:transparent}.elementor-widget-text-editor:not(.elementor-drop-cap-view-default) .elementor-drop-cap{margin-top:8px}.elementor-widget-text-editor:not(.elementor-drop-cap-view-default) .elementor-drop-cap-letter{width:1em;height:1em}.elementor-widget-text-editor .elementor-drop-cap{float:left;text-align:center;line-height:1;font-size:50px}.elementor-widget-text-editor .elementor-drop-cap-letter{display:inline-block}<\/style>\t\t\t\t<p><strong><a href=\"https:\/\/canismusic.com\/artist\/grosse-isle\/\" target=\"_blank\" rel=\"noopener\"><img loading=\"lazy\" class=\"alignright wp-image-3345\" src=\"https:\/\/grosse-isle.com\/wp-content\/uploads\/2022\/09\/canis-major-music-logo-150x150.png\" alt=\"\" width=\"100\" height=\"100\" srcset=\"https:\/\/grosse-isle.com\/wp-content\/uploads\/2022\/09\/canis-major-music-logo-150x150.png 150w, https:\/\/grosse-isle.com\/wp-content\/uploads\/2022\/09\/canis-major-music-logo.png 266w\" sizes=\"(max-width: 100px) 100vw, 100px\" \/><\/a><\/strong><strong>Agence de spectacle (USA &amp; Canada)<\/strong><br \/>Canis Major Music (Danielle Devlin)<br \/><a href=\"mailto:danielle.canismusic@gmail.com\">danielle.canismusic@gmail.com<\/a><br \/><a href=\"tel:+1-802-393-7120\">1-802-393-7120<\/a><br \/><a href=\"https:\/\/canismusic.com\/\" target=\"_blank\" rel=\"noopener\">www.canismusic.com<\/a><\/p>\t\t\t\t\t\t<\/div>\n\t\t\t\t<\/div>\n\t\t\t\t\t<\/div>\n\t\t<\/div>\n\t\t\t\t<div class=\"elementor-column elementor-col-50 elementor-top-column elementor-element elementor-element-70117e3\" data-id=\"70117e3\" data-element_type=\"column\">\n\t\t\t<div class=\"elementor-widget-wrap elementor-element-populated\">\n\t\t\t\t\t\t\t\t<div class=\" elementor-element elementor-element-eb992c8 elementor-widget elementor-widget-text-editor\" data-id=\"eb992c8\" data-element_type=\"widget\" data-widget_type=\"text-editor.default\">\n\t\t\t\t<div class=\"elementor-widget-container\">\n\t\t\t\t\t\t\t<p><strong><a href=\"https:\/\/ciedunord.com\/en\/artists\/grosse-isle\/\" target=\"_blank\" rel=\"noopener\"><img loading=\"lazy\" class=\"alignright wp-image-3346\" src=\"https:\/\/grosse-isle.com\/wp-content\/uploads\/2022\/09\/compagnie-du-nord-logo-150x150.png\" alt=\"\" width=\"100\" height=\"100\" srcset=\"https:\/\/grosse-isle.com\/wp-content\/uploads\/2022\/09\/compagnie-du-nord-logo-150x150.png 150w, https:\/\/grosse-isle.com\/wp-content\/uploads\/2022\/09\/compagnie-du-nord-logo.png 275w\" sizes=\"(max-width: 100px) 100vw, 100px\" \/><\/a><\/strong><strong>Agence de spectacle (Qu\u00e9bec)<\/strong><br \/>La Compagnie du Nord (Genevi\u00e8ve St-Denis)<br \/><a href=\"mailto:spectacle@ciedunord.com\">spectacle@ciedunord.com<\/a><br \/><a href=\"tel:+1-450-909-0940\" target=\"_blank\" rel=\"noopener\">1-450-909-0940<\/a><br \/><a href=\"http:\/\/www.ciedunord.com\/\" target=\"_blank\" rel=\"noopener\">www.ciedunord.com<\/a><\/p>\t\t\t\t\t\t<\/div>\n\t\t\t\t<\/div>\n\t\t\t\t\t<\/div>\n\t\t<\/div>\n\t\t\t\t\t\t\t<\/div>\n\t\t<\/section>\n\t\t\t\t<section class=\"wolf-core-elementor-row wolf-core-font-  elementor-section elementor-top-section elementor-element elementor-element-5f88fdb elementor-section-boxed elementor-section-height-default elementor-section-height-default\" data-id=\"5f88fdb\" data-element_type=\"section\">\n\t\t\t\t\t\t<div class=\"elementor-container elementor-column-gap-default\">\n\t\t\t\t\t<div class=\"elementor-column elementor-col-50 elementor-top-column elementor-element elementor-element-3f98ff9\" data-id=\"3f98ff9\" data-element_type=\"column\">\n\t\t\t<div class=\"elementor-widget-wrap elementor-element-populated\">\n\t\t\t\t\t\t\t\t<div class=\" elementor-element elementor-element-b9734bb elementor-widget elementor-widget-text-editor\" data-id=\"b9734bb\" data-element_type=\"widget\" data-widget_type=\"text-editor.default\">\n\t\t\t\t<div class=\"elementor-widget-container\">\n\t\t\t\t\t\t\t<p><strong><a href=\"https:\/\/ciedunord.com\/en\/artists\/grosse-isle\/\" target=\"_blank\" rel=\"noopener\"><img loading=\"lazy\" class=\"alignright wp-image-3346\" src=\"https:\/\/grosse-isle.com\/wp-content\/uploads\/2022\/09\/compagnie-du-nord-logo-150x150.png\" alt=\"\" width=\"100\" height=\"100\" srcset=\"https:\/\/grosse-isle.com\/wp-content\/uploads\/2022\/09\/compagnie-du-nord-logo-150x150.png 150w, https:\/\/grosse-isle.com\/wp-content\/uploads\/2022\/09\/compagnie-du-nord-logo.png 275w\" sizes=\"(max-width: 100px) 100vw, 100px\" \/><\/a>G\u00e9rance \u00a0\/ Maison de disque<br \/><\/strong>La Compagnie du Nord (Genevi\u00e8ve Nadeau)<br \/><a href=\"mailto:genevieve@ciedunord.com\">genevieve@ciedunord.com<\/a><br \/><a href=\"tel:+1-450-909-0940\" target=\"_blank\" rel=\"noopener\">1-450-909-0940<\/a><br \/><a href=\"http:\/\/www.ciedunord.com\/\" target=\"_blank\" rel=\"noopener\">www.ciedunord.com<\/a><\/p>\t\t\t\t\t\t<\/div>\n\t\t\t\t<\/div>\n\t\t\t\t\t<\/div>\n\t\t<\/div>\n\t\t\t\t<div class=\"elementor-column elementor-col-50 elementor-top-column elementor-element elementor-element-b55dbf1\" data-id=\"b55dbf1\" data-element_type=\"column\">\n\t\t\t<div class=\"elementor-widget-wrap elementor-element-populated\">\n\t\t\t\t\t\t\t\t<div class=\" elementor-element elementor-element-efbfa57 elementor-widget elementor-widget-text-editor\" data-id=\"efbfa57\" data-element_type=\"widget\" data-widget_type=\"text-editor.default\">\n\t\t\t\t<div class=\"elementor-widget-container\">\n\t\t\t\t\t\t\t<p><strong><img loading=\"lazy\" class=\"alignright wp-image-4701\" src=\"https:\/\/grosse-isle.com\/wp-content\/uploads\/2024\/11\/macam-1-300x286.jpg\" alt=\"\" width=\"100\" height=\"95\" srcset=\"https:\/\/grosse-isle.com\/wp-content\/uploads\/2024\/11\/macam-1-300x286.jpg 300w, https:\/\/grosse-isle.com\/wp-content\/uploads\/2024\/11\/macam-1-1024x976.jpg 1024w, https:\/\/grosse-isle.com\/wp-content\/uploads\/2024\/11\/macam-1-768x732.jpg 768w, https:\/\/grosse-isle.com\/wp-content\/uploads\/2024\/11\/macam-1-1536x1465.jpg 1536w, https:\/\/grosse-isle.com\/wp-content\/uploads\/2024\/11\/macam-1-2048x1953.jpg 2048w, https:\/\/grosse-isle.com\/wp-content\/uploads\/2024\/11\/macam-1-598x570.jpg 598w, https:\/\/grosse-isle.com\/wp-content\/uploads\/2024\/11\/macam-1-500x477.jpg 500w, https:\/\/grosse-isle.com\/wp-content\/uploads\/2024\/11\/macam-1-550x524.jpg 550w, https:\/\/grosse-isle.com\/wp-content\/uploads\/2024\/11\/macam-1-700x667.jpg 700w, https:\/\/grosse-isle.com\/wp-content\/uploads\/2024\/11\/macam-1-400x381.jpg 400w, https:\/\/grosse-isle.com\/wp-content\/uploads\/2024\/11\/macam-1-1920x1831.jpg 1920w, https:\/\/grosse-isle.com\/wp-content\/uploads\/2024\/11\/macam-1-2000x1907.jpg 2000w\" sizes=\"(max-width: 100px) 100vw, 100px\" \/>Nous contacter<br \/><\/strong><a href=\"mailto:info@grosse-isle.com?subject=Enquiry%20from%20grosse-isle.com\">info@grosse-isle.com<\/a><\/p>\t\t\t\t\t\t<\/div>\n\t\t\t\t<\/div>\n\t\t\t\t<div class=\"elementor-element elementor-element-f98003d elementor-shape-circle e-grid-align-left elementor-grid-0 elementor-widget elementor-widget-social-icons\" data-id=\"f98003d\" data-element_type=\"widget\" data-widget_type=\"social-icons.default\">\n\t\t\t\t<div class=\"elementor-widget-container\">\n\t\t\t<style>\/*! elementor - v3.7.7 - 20-09-2022 *\/\n.elementor-widget-social-icons.elementor-grid-0 .elementor-widget-container,.elementor-widget-social-icons.elementor-grid-mobile-0 .elementor-widget-container,.elementor-widget-social-icons.elementor-grid-tablet-0 .elementor-widget-container{line-height:1;font-size:0}.elementor-widget-social-icons:not(.elementor-grid-0):not(.elementor-grid-tablet-0):not(.elementor-grid-mobile-0) .elementor-grid{display:inline-grid}.elementor-widget-social-icons .elementor-grid{grid-column-gap:var(--grid-column-gap,5px);grid-row-gap:var(--grid-row-gap,5px);grid-template-columns:var(--grid-template-columns);-webkit-box-pack:var(--justify-content,center);-ms-flex-pack:var(--justify-content,center);justify-content:var(--justify-content,center);justify-items:var(--justify-content,center)}.elementor-icon.elementor-social-icon{font-size:var(--icon-size,25px);line-height:var(--icon-size,25px);width:calc(var(--icon-size, 25px) + (2 * var(--icon-padding, .5em)));height:calc(var(--icon-size, 25px) + (2 * var(--icon-padding, .5em)))}.elementor-social-icon{--e-social-icon-icon-color:#fff;display:-webkit-inline-box;display:-ms-inline-flexbox;display:inline-flex;background-color:#818a91;-webkit-box-align:center;-ms-flex-align:center;align-items:center;-webkit-box-pack:center;-ms-flex-pack:center;justify-content:center;text-align:center;cursor:pointer}.elementor-social-icon i{color:var(--e-social-icon-icon-color)}.elementor-social-icon svg{fill:var(--e-social-icon-icon-color)}.elementor-social-icon:last-child{margin:0}.elementor-social-icon:hover{opacity:.9;color:#fff}.elementor-social-icon-android{background-color:#a4c639}.elementor-social-icon-apple{background-color:#999}.elementor-social-icon-behance{background-color:#1769ff}.elementor-social-icon-bitbucket{background-color:#205081}.elementor-social-icon-codepen{background-color:#000}.elementor-social-icon-delicious{background-color:#39f}.elementor-social-icon-deviantart{background-color:#05cc47}.elementor-social-icon-digg{background-color:#005be2}.elementor-social-icon-dribbble{background-color:#ea4c89}.elementor-social-icon-elementor{background-color:#d30c5c}.elementor-social-icon-envelope{background-color:#ea4335}.elementor-social-icon-facebook,.elementor-social-icon-facebook-f{background-color:#3b5998}.elementor-social-icon-flickr{background-color:#0063dc}.elementor-social-icon-foursquare{background-color:#2d5be3}.elementor-social-icon-free-code-camp,.elementor-social-icon-freecodecamp{background-color:#006400}.elementor-social-icon-github{background-color:#333}.elementor-social-icon-gitlab{background-color:#e24329}.elementor-social-icon-globe{background-color:#818a91}.elementor-social-icon-google-plus,.elementor-social-icon-google-plus-g{background-color:#dd4b39}.elementor-social-icon-houzz{background-color:#7ac142}.elementor-social-icon-instagram{background-color:#262626}.elementor-social-icon-jsfiddle{background-color:#487aa2}.elementor-social-icon-link{background-color:#818a91}.elementor-social-icon-linkedin,.elementor-social-icon-linkedin-in{background-color:#0077b5}.elementor-social-icon-medium{background-color:#00ab6b}.elementor-social-icon-meetup{background-color:#ec1c40}.elementor-social-icon-mixcloud{background-color:#273a4b}.elementor-social-icon-odnoklassniki{background-color:#f4731c}.elementor-social-icon-pinterest{background-color:#bd081c}.elementor-social-icon-product-hunt{background-color:#da552f}.elementor-social-icon-reddit{background-color:#ff4500}.elementor-social-icon-rss{background-color:#f26522}.elementor-social-icon-shopping-cart{background-color:#4caf50}.elementor-social-icon-skype{background-color:#00aff0}.elementor-social-icon-slideshare{background-color:#0077b5}.elementor-social-icon-snapchat{background-color:#fffc00}.elementor-social-icon-soundcloud{background-color:#f80}.elementor-social-icon-spotify{background-color:#2ebd59}.elementor-social-icon-stack-overflow{background-color:#fe7a15}.elementor-social-icon-steam{background-color:#00adee}.elementor-social-icon-stumbleupon{background-color:#eb4924}.elementor-social-icon-telegram{background-color:#2ca5e0}.elementor-social-icon-thumb-tack{background-color:#1aa1d8}.elementor-social-icon-tripadvisor{background-color:#589442}.elementor-social-icon-tumblr{background-color:#35465c}.elementor-social-icon-twitch{background-color:#6441a5}.elementor-social-icon-twitter{background-color:#1da1f2}.elementor-social-icon-viber{background-color:#665cac}.elementor-social-icon-vimeo{background-color:#1ab7ea}.elementor-social-icon-vk{background-color:#45668e}.elementor-social-icon-weibo{background-color:#dd2430}.elementor-social-icon-weixin{background-color:#31a918}.elementor-social-icon-whatsapp{background-color:#25d366}.elementor-social-icon-wordpress{background-color:#21759b}.elementor-social-icon-xing{background-color:#026466}.elementor-social-icon-yelp{background-color:#af0606}.elementor-social-icon-youtube{background-color:#cd201f}.elementor-social-icon-500px{background-color:#0099e5}.elementor-shape-rounded .elementor-icon.elementor-social-icon{border-radius:10%}.elementor-shape-circle .elementor-icon.elementor-social-icon{border-radius:50%}<\/style>\t\t<div class=\"elementor-social-icons-wrapper elementor-grid\">\n\t\t\t\t\t\t\t<span class=\"elementor-grid-item\">\n\t\t\t\t\t<a class=\"elementor-icon elementor-social-icon elementor-social-icon-facebook elementor-repeater-item-35a4d66\" href=\"https:\/\/www.facebook.com\/grosseisle\/\" target=\"_blank\">\n\t\t\t\t\t\t<span class=\"elementor-screen-only\">Facebook<\/span>\n\t\t\t\t\t\t<i class=\"fab fa-facebook\"><\/i>\t\t\t\t\t<\/a>\n\t\t\t\t<\/span>\n\t\t\t\t\t\t\t<span class=\"elementor-grid-item\">\n\t\t\t\t\t<a class=\"elementor-icon elementor-social-icon elementor-social-icon-instagram elementor-repeater-item-bcb59a4\" href=\"https:\/\/www.instagram.com\/grosseislemusic\/\" target=\"_blank\">\n\t\t\t\t\t\t<span class=\"elementor-screen-only\">Instagram<\/span>\n\t\t\t\t\t\t<i class=\"fab fa-instagram\"><\/i>\t\t\t\t\t<\/a>\n\t\t\t\t<\/span>\n\t\t\t\t\t\t\t<span class=\"elementor-grid-item\">\n\t\t\t\t\t<a class=\"elementor-icon elementor-social-icon elementor-social-icon-youtube elementor-repeater-item-7cce52c\" href=\"https:\/\/www.youtube.com\/@GrosseIsle-tg8qt\" target=\"_blank\">\n\t\t\t\t\t\t<span class=\"elementor-screen-only\">Youtube<\/span>\n\t\t\t\t\t\t<i class=\"fab fa-youtube\"><\/i>\t\t\t\t\t<\/a>\n\t\t\t\t<\/span>\n\t\t\t\t\t<\/div>\n\t\t\t\t<\/div>\n\t\t\t\t<\/div>\n\t\t\t\t\t<\/div>\n\t\t<\/div>\n\t\t\t\t\t\t\t<\/div>\n\t\t<\/section>\n\t\t\t\t\t\t\t<\/div>\n\t\t","protected":false},"excerpt":{"rendered":"<p>Agence de spectacle (USA &amp; Canada)Canis Major Music (Danielle Devlin)danielle.canismusic@gmail.com1-802-393-7120www.canismusic.com Agence de spectacle (Qu\u00e9bec)La Compagnie du Nord (Genevi\u00e8ve St-Denis)spectacle@ciedunord.com1-450-909-0940www.ciedunord.com G\u00e9rance \u00a0\/ Maison de disqueLa Compagnie du Nord (Genevi\u00e8ve Nadeau)genevieve@ciedunord.com1-450-909-0940www.ciedunord.com Nous contacterinfo@grosse-isle.com Facebook Instagram Youtube<\/p>\n","protected":false},"author":1,"featured_media":4501,"parent":0,"menu_order":0,"comment_status":"closed","ping_status":"closed","template":"","meta":[],"_links":{"self":[{"href":"https:\/\/grosse-isle.com\/fr\/wp-json\/wp\/v2\/pages\/3822"}],"collection":[{"href":"https:\/\/grosse-isle.com\/fr\/wp-json\/wp\/v2\/pages"}],"about":[{"href":"https:\/\/grosse-isle.com\/fr\/wp-json\/wp\/v2\/types\/page"}],"author":[{"embeddable":true,"href":"https:\/\/grosse-isle.com\/fr\/wp-json\/wp\/v2\/users\/1"}],"replies":[{"embeddable":true,"href":"https:\/\/grosse-isle.com\/fr\/wp-json\/wp\/v2\/comments?post=3822"}],"version-history":[{"count":12,"href":"https:\/\/grosse-isle.com\/fr\/wp-json\/wp\/v2\/pages\/3822\/revisions"}],"predecessor-version":[{"id":4961,"href":"https:\/\/grosse-isle.com\/fr\/wp-json\/wp\/v2\/pages\/3822\/revisions\/4961"}],"wp:featuredmedia":[{"embeddable":true,"href":"https:\/\/grosse-isle.com\/fr\/wp-json\/wp\/v2\/media\/4501"}],"wp:attachment":[{"href":"https:\/\/grosse-isle.com\/fr\/wp-json\/wp\/v2\/media?parent=3822"}],"curies":[{"name":"wp","href":"https:\/\/api.w.org\/{rel}","templated":true}]}}